{"id":1018,"date":"2022-08-01T10:25:12","date_gmt":"2022-08-01T10:25:12","guid":{"rendered":"https:\/\/cetec.pt\/novo\/?page_id=1018"},"modified":"2022-08-01T11:17:04","modified_gmt":"2022-08-01T11:17:04","slug":"sobre","status":"publish","type":"page","link":"https:\/\/www.novotecna.pt\/novo\/sobre\/","title":{"rendered":"sobre"},"content":{"rendered":"\t\t<div data-elementor-type=\"wp-page\" data-elementor-id=\"1018\" class=\"elementor elementor-1018\" data-elementor-post-type=\"page\">\n\t\t\t\t\t\t\t\t\t<section class=\"elementor-section elementor-top-section elementor-element elementor-element-3846dfe elementor-section-full_width elementor-section-height-default elementor-section-height-default\" data-id=\"3846dfe\" data-element_type=\"section\">\n\t\t\t\t\t\t<div class=\"elementor-container elementor-column-gap-no\">\n\t\t\t\t\t<div class=\"elementor-column elementor-col-100 elementor-top-column elementor-element elementor-element-3c479b7\" data-id=\"3c479b7\" data-element_type=\"column\">\n\t\t\t<div class=\"elementor-widget-wrap elementor-element-populated\">\n\t\t\t\t\t\t\t\t<div class=\"elementor-element elementor-element-17ea564 elementor-widget elementor-widget-about\" data-id=\"17ea564\" data-element_type=\"widget\" data-widget_type=\"about.default\">\n\t\t\t\t<div class=\"elementor-widget-container\">\n\t\t\t\r\n\t\t\t\r\n\r\n         <section class=\"about__area p-relative\">\r\n            <div class=\"container\">\r\n               <div class=\"row\">\r\n                  <div class=\"col-xxl-7 col-xl-7 col-lg-7\">\r\n                     <div class=\"about__thumb-wrapper d-sm-flex mr-20 p-relative\">\r\n                        <div class=\"about__shape\">\r\n                           <img decoding=\"async\" class=\"about__shape-1 d-none d-sm-block\" src=\"https:\/\/www.novotecna.pt\/novo\/wp-content\/themes\/eduker\/assets\/img\/about\/about-shape-1.png\" alt=\"img\">\r\n                           <img decoding=\"async\" class=\"about__shape-2 d-none d-sm-block\" src=\"https:\/\/www.novotecna.pt\/novo\/wp-content\/themes\/eduker\/assets\/img\/about\/about-shape-2.png\" alt=\"img\">\r\n                           <img decoding=\"async\" class=\"about__shape-3\" src=\"https:\/\/www.novotecna.pt\/novo\/wp-content\/themes\/eduker\/assets\/img\/about\/about-shape-3.png\" alt=\"img\">\r\n                        <\/div>\r\n                        <div class=\"about__thumb-left mr-10\">\r\n                                                       <div class=\"about__thumb-1 mb-10\">\r\n                             <img decoding=\"async\" src=\"https:\/\/www.novotecna.pt\/novo\/wp-content\/uploads\/2022\/07\/lab2.jpg\" alt=\"\">\r\n                           <\/div>\r\n                                                                                 <div class=\"about__thumb-1 mb-10 text-end\">\r\n                              <img decoding=\"async\" src=\"https:\/\/www.novotecna.pt\/novo\/wp-content\/uploads\/2022\/07\/novo09.png\" alt=\"\">\r\n                           <\/div>\r\n                                                   <\/div>\r\n                                                <div class=\"about__thumb-2 mb-10\">\r\n                           <img decoding=\"async\" src=\"https:\/\/www.novotecna.pt\/novo\/wp-content\/uploads\/2022\/07\/unnamed-313.jpg\" alt=\"\">\r\n                        <\/div>\r\n                                             <\/div>\r\n                  <\/div>\r\n                  <div class=\"col-xxl-5 col-xl-5 col-lg-5\">\r\n                     <div class=\"about__content pl-70 pr-25\">\r\n                        \r\n                        <div class=\"section__title-wrapper mb-15\">\r\n                            \r\n                        <span class=\"section__title-pre\">\r\n                            NOVOTECNA                        <\/span>\r\n                        \r\n                        <h2 class=\"section__title\">Quem somos<\/h2>                        <\/div>\r\n\r\n                                                <p>As necessidades de quadros t\u00e9cnicos interm\u00e9dios para a ind\u00fastria, constatadas pelas Associa\u00e7\u00f5es e N\u00facleos Empresariais da Regi\u00e3o Centro, levaram \u00e0 cria\u00e7\u00e3o de uma Escola Tecnol\u00f3gica. A Escola Tecnol\u00f3gica \u00e9 uma iniciativa da Novotecna, entidade gestora da mesma e que det\u00e9m a personalidade jur\u00eddica. Localiza-se em Coimbra, tendo iniciado as atividades letivas em Outubro de 1991, sendo acreditada como entidade formadora desde 1998.<\/p>\r\n                        \r\n                        \r\n                        <div class=\"about__list mb-40\">\r\n                           <ul>\r\n                                                            <li>\r\n                                                                                                            <span><i aria-hidden=\"true\" class=\"fal fa-check\"><\/i><\/span>\r\n                                       \r\n                                 \r\n                                Escola Tecnol\u00f3gica                                <\/li>\r\n                                                            <li>\r\n                                                                                                            <span><i aria-hidden=\"true\" class=\"fal fa-check\"><\/i><\/span>\r\n                                       \r\n                                 \r\n                                Incubadora de empresas                                <\/li>\r\n                                                            <li>\r\n                                                                                                            <span><i aria-hidden=\"true\" class=\"fal fa-check\"><\/i><\/span>\r\n                                       \r\n                                 \r\n                                Fablab Coimbra                                <\/li>\r\n                               \r\n                           <\/ul>\r\n                        <\/div>\r\n\r\n                                             <\/div>\r\n                  <\/div>\r\n               <\/div>\r\n            <\/div>\r\n         <\/section>\r\n\r\n        \r\n        \t\t<\/div>\n\t\t\t\t<\/div>\n\t\t\t\t\t<\/div>\n\t\t<\/div>\n\t\t\t\t\t\t\t<\/div>\n\t\t<\/section>\n\t\t\t\t<section class=\"elementor-section elementor-top-section elementor-element elementor-element-d441308 elementor-section-content-bottom elementor-section-boxed elementor-section-height-default elementor-section-height-default\" data-id=\"d441308\" data-element_type=\"section\">\n\t\t\t\t\t\t<div class=\"elementor-container elementor-column-gap-default\">\n\t\t\t\t\t<div class=\"elementor-column elementor-col-50 elementor-top-column elementor-element elementor-element-8eb8e1f\" data-id=\"8eb8e1f\" data-element_type=\"column\">\n\t\t\t<div class=\"elementor-widget-wrap elementor-element-populated\">\n\t\t\t\t\t\t\t\t<div class=\"elementor-element elementor-element-fb537a3 elementor-widget elementor-widget-image\" data-id=\"fb537a3\" data-element_type=\"widget\" data-widget_type=\"image.default\">\n\t\t\t\t<div class=\"elementor-widget-container\">\n\t\t\t<style>\/*! elementor - v3.14.0 - 18-06-2023 *\/\n.elementor-widget-image{text-align:center}.elementor-widget-image a{display:inline-block}.elementor-widget-image a img[src$=\".svg\"]{width:48px}.elementor-widget-image img{vertical-align:middle;display:inline-block}<\/style>\t\t\t\t\t\t\t\t\t\t\t\t<img loading=\"lazy\" decoding=\"async\" width=\"600\" height=\"600\" src=\"https:\/\/www.novotecna.pt\/novo\/wp-content\/uploads\/2022\/07\/Novotecna_Boas-Vindas-1-600x600.jpg\" class=\"attachment-eduker-case-details size-eduker-case-details wp-image-1000\" alt=\"\" srcset=\"https:\/\/www.novotecna.pt\/novo\/wp-content\/uploads\/2022\/07\/Novotecna_Boas-Vindas-1-600x600.jpg 600w, https:\/\/www.novotecna.pt\/novo\/wp-content\/uploads\/2022\/07\/Novotecna_Boas-Vindas-1-150x150.jpg 150w, https:\/\/www.novotecna.pt\/novo\/wp-content\/uploads\/2022\/07\/Novotecna_Boas-Vindas-1-300x300.jpg 300w, https:\/\/www.novotecna.pt\/novo\/wp-content\/uploads\/2022\/07\/Novotecna_Boas-Vindas-1-100x100.jpg 100w\" sizes=\"auto, (max-width: 600px) 100vw, 600px\" \/>\t\t\t\t\t\t\t\t\t\t\t\t\t\t\t<\/div>\n\t\t\t\t<\/div>\n\t\t\t\t<div class=\"elementor-element elementor-element-8f1f02a elementor-widget elementor-widget-spacer\" data-id=\"8f1f02a\" data-element_type=\"widget\" data-widget_type=\"spacer.default\">\n\t\t\t\t<div class=\"elementor-widget-container\">\n\t\t\t<style>\/*! elementor - v3.14.0 - 18-06-2023 *\/\n.elementor-column .elementor-spacer-inner{height:var(--spacer-size)}.e-con{--container-widget-width:100%}.e-con-inner>.elementor-widget-spacer,.e-con>.elementor-widget-spacer{width:var(--container-widget-width,var(--spacer-size));--align-self:var(--container-widget-align-self,initial);--flex-shrink:0}.e-con-inner>.elementor-widget-spacer>.elementor-widget-container,.e-con-inner>.elementor-widget-spacer>.elementor-widget-container>.elementor-spacer,.e-con>.elementor-widget-spacer>.elementor-widget-container,.e-con>.elementor-widget-spacer>.elementor-widget-container>.elementor-spacer{height:100%}.e-con-inner>.elementor-widget-spacer>.elementor-widget-container>.elementor-spacer>.elementor-spacer-inner,.e-con>.elementor-widget-spacer>.elementor-widget-container>.elementor-spacer>.elementor-spacer-inner{height:var(--container-widget-height,var(--spacer-size))}<\/style>\t\t<div class=\"elementor-spacer\">\n\t\t\t<div class=\"elementor-spacer-inner\"><\/div>\n\t\t<\/div>\n\t\t\t\t<\/div>\n\t\t\t\t<\/div>\n\t\t\t\t\t<\/div>\n\t\t<\/div>\n\t\t\t\t<div class=\"elementor-column elementor-col-50 elementor-top-column elementor-element elementor-element-dbad4b9\" data-id=\"dbad4b9\" data-element_type=\"column\">\n\t\t\t<div class=\"elementor-widget-wrap elementor-element-populated\">\n\t\t\t\t\t\t\t\t<div class=\"elementor-element elementor-element-7755cad elementor-widget elementor-widget-tp-heading\" data-id=\"7755cad\" data-element_type=\"widget\" data-widget_type=\"tp-heading.default\">\n\t\t\t\t<div class=\"elementor-widget-container\">\n\t\t\t\r\n\t\t\t\r\n\r\n                    <div class=\"section__title-wrapper tp-el-content\">\r\n                    \r\n                <span class=\"section__title-pre tp-el-subtitle\">\r\n                    NOVOTECNA                <\/span>\r\n                                <h2 class=\"section__title section__title-44 tp-el-title\">Objetivos Da Escola Tecnol\u00f3gica<\/h2>\r\n                            <\/div>\r\n        \r\n        \r\n        \t\t<\/div>\n\t\t\t\t<\/div>\n\t\t\t\t<div class=\"elementor-element elementor-element-011c57e elementor-widget elementor-widget-text-editor\" data-id=\"011c57e\" data-element_type=\"widget\" data-widget_type=\"text-editor.default\">\n\t\t\t\t<div class=\"elementor-widget-container\">\n\t\t\t<style>\/*! elementor - v3.14.0 - 18-06-2023 *\/\n.elementor-widget-text-editor.elementor-drop-cap-view-stacked .elementor-drop-cap{background-color:#69727d;color:#fff}.elementor-widget-text-editor.elementor-drop-cap-view-framed .elementor-drop-cap{color:#69727d;border:3px solid;background-color:transparent}.elementor-widget-text-editor:not(.elementor-drop-cap-view-default) .elementor-drop-cap{margin-top:8px}.elementor-widget-text-editor:not(.elementor-drop-cap-view-default) .elementor-drop-cap-letter{width:1em;height:1em}.elementor-widget-text-editor .elementor-drop-cap{float:left;text-align:center;line-height:1;font-size:50px}.elementor-widget-text-editor .elementor-drop-cap-letter{display:inline-block}<\/style>\t\t\t\t<div class=\"elementor-element elementor-element-43cf825 elementor-widget elementor-widget-text-editor\" style=\"--flex-direction: initial; --flex-wrap: initial; --justify-content: initial; --align-items: initial; --align-content: initial; --gap: initial; --flex-basis: initial; --flex-grow: initial; --flex-shrink: initial; --order: initial; --align-self: initial; flex-direction: var(--flex-direction); flex-wrap: var(--flex-wrap); -webkit-box-pack: var(--justify-content); justify-content: var(--justify-content); -webkit-box-align: var(--align-items); align-items: var(--align-items); align-content: var(--align-content); gap: var(--gap); flex-basis: var(--flex-basis); -webkit-box-flex: var(--flex-grow); flex-grow: var(--flex-grow); flex-shrink: var(--flex-shrink); -webkit-box-ordinal-group: var(--order); order: var(--order); align-self: var(--align-self); --widgets-spacing: 20px; width: 550px; color: #4b4f58; font-family: Poppins, sans-serif; font-size: 16px; font-weight: 400;\" data-id=\"43cf825\" data-element_type=\"widget\" data-widget_type=\"text-editor.default\"><div class=\"elementor-widget-container\"><div class=\"eael-feature-list-content-box\"><p class=\"eael-feature-list-title\" style=\"border: 0px; font-size: 16px; font-style: inherit; font-weight: inherit; margin-bottom: 1.6em; outline: 0px; vertical-align: baseline;\">Forma\u00e7\u00e3o de t\u00e9cnicos com perfil adequado ao desempenho das fun\u00e7\u00f5es de quadros interm\u00e9dios e especialistas nas \u00e1reas da Gest\u00e3o da Qualidade e do Ambiente, Eletricidade e Energia, Eletr\u00f3nica e Automa\u00e7\u00e3o, Metalurgia e Metalomec\u00e2nica;<br \/><br \/>Contribuir para a institucionaliza\u00e7\u00e3o de um sistema de aperfei\u00e7oamento cont\u00ednuo dos profissionais das diferentes atividades econ\u00f3micas;<br \/><br \/>Forma\u00e7\u00e3o de ativos empregados e desempregados, de forma a elevar os n\u00edveis de qualifica\u00e7\u00e3o, garantida uma dupla certifica\u00e7\u00e3o \u2013 escolar e profissional.<br \/><br \/>Proporcionar os mecanismos de aproxima\u00e7\u00e3o entre a Escola e o mundo do trabalho, nomeadamente atrav\u00e9s da planifica\u00e7\u00e3o e realiza\u00e7\u00e3o de est\u00e1gios em empresas ou institui\u00e7\u00f5es de investiga\u00e7\u00e3o das especialidades;<br \/><br \/>Analisar as necessidades de forma\u00e7\u00e3o regionais e proporcionar as repostas formativas adequadas;<br \/><br \/>Promover a coopera\u00e7\u00e3o com institui\u00e7\u00f5es nacionais e estrangeiras que prossigam objetivos afins.<\/p><\/div><\/div><\/div>\t\t\t\t\t\t<\/div>\n\t\t\t\t<\/div>\n\t\t\t\t\t<\/div>\n\t\t<\/div>\n\t\t\t\t\t\t\t<\/div>\n\t\t<\/section>\n\t\t\t\t<section class=\"elementor-section elementor-top-section elementor-element elementor-element-13c482c elementor-section-boxed elementor-section-height-default elementor-section-height-default\" data-id=\"13c482c\" data-element_type=\"section\">\n\t\t\t\t\t\t<div class=\"elementor-container elementor-column-gap-default\">\n\t\t\t\t\t<div class=\"elementor-column elementor-col-100 elementor-top-column elementor-element elementor-element-407da10\" data-id=\"407da10\" data-element_type=\"column\">\n\t\t\t<div class=\"elementor-widget-wrap elementor-element-populated\">\n\t\t\t\t\t\t\t\t<div class=\"elementor-element elementor-element-4abc92c elementor-widget elementor-widget-tp-heading\" data-id=\"4abc92c\" data-element_type=\"widget\" data-widget_type=\"tp-heading.default\">\n\t\t\t\t<div class=\"elementor-widget-container\">\n\t\t\t\r\n\t\t\t\r\n\r\n                    <div class=\"section__title-wrapper tp-el-content\">\r\n                    \r\n                <span class=\"section__title-pre tp-el-subtitle\">\r\n                    NOVOTECNA                <\/span>\r\n                                <h2 class=\"section__title section__title-44 tp-el-title\">Miss\u00e3o, Vis\u00e3o e Valores<\/h2>\r\n                            <\/div>\r\n        \r\n        \r\n        \t\t<\/div>\n\t\t\t\t<\/div>\n\t\t\t\t<section class=\"elementor-section elementor-inner-section elementor-element elementor-element-d65e864 elementor-section-boxed elementor-section-height-default elementor-section-height-default\" data-id=\"d65e864\" data-element_type=\"section\">\n\t\t\t\t\t\t<div class=\"elementor-container elementor-column-gap-default\">\n\t\t\t\t\t<div class=\"elementor-column elementor-col-50 elementor-inner-column elementor-element elementor-element-ceaf365\" data-id=\"ceaf365\" data-element_type=\"column\">\n\t\t\t<div class=\"elementor-widget-wrap elementor-element-populated\">\n\t\t\t\t\t\t\t\t<div class=\"elementor-element elementor-element-5dfbee6 elementor-widget elementor-widget-text-editor\" data-id=\"5dfbee6\" data-element_type=\"widget\" data-widget_type=\"text-editor.default\">\n\t\t\t\t<div class=\"elementor-widget-container\">\n\t\t\t\t\t\t\t<div class=\"elementor-element elementor-element-caa1b3e elementor-widget elementor-widget-text-editor\" data-id=\"caa1b3e\" data-element_type=\"widget\" data-widget_type=\"text-editor.default\"><div class=\"elementor-widget-container\"><p><span class=\"JsGRdQ\">De uma forma gen\u00e9rica, a\u00a0<strong>Novotecna<\/strong> \u2013 Associa\u00e7\u00e3o para o Desenvolvimento Tecnol\u00f3gico tem por miss\u00e3o o Desenvolvimento da Investiga\u00e7\u00e3o, Inova\u00e7\u00e3o e Forma\u00e7\u00e3o Tecnol\u00f3gica da Regi\u00e3o onde se insere. Como vis\u00e3o a Novotecna prima pelo desenvolvimento da sua atividade essencialmente atrav\u00e9s da Escola Tecnol\u00f3gica, com o objetivo de continuar a formar e lan\u00e7ar para o mercado de trabalho centenas de jovens e adultos em \u00e1reas de especializa\u00e7\u00e3o t\u00e9cnica e tecnol\u00f3gica de n\u00edvel interm\u00e9dio com uma procura crescente no mercado empresarial.<\/span><\/p><\/div><\/div>\t\t\t\t\t\t<\/div>\n\t\t\t\t<\/div>\n\t\t\t\t\t<\/div>\n\t\t<\/div>\n\t\t\t\t<div class=\"elementor-column elementor-col-50 elementor-inner-column elementor-element elementor-element-241d5a7\" data-id=\"241d5a7\" data-element_type=\"column\">\n\t\t\t<div class=\"elementor-widget-wrap elementor-element-populated\">\n\t\t\t\t\t\t\t\t<div class=\"elementor-element elementor-element-de8b635 elementor-widget elementor-widget-text-editor\" data-id=\"de8b635\" data-element_type=\"widget\" data-widget_type=\"text-editor.default\">\n\t\t\t\t<div class=\"elementor-widget-container\">\n\t\t\t\t\t\t\t<p>A\u00a0<strong>Novotecna<\/strong>\u00a0apresenta como indispens\u00e1vel a inova\u00e7\u00e3o e a melhoria cont\u00ednua dos servi\u00e7os prestados. Desta forma, v\u00ea como relevante a experi\u00eancia profissional dos recursos humanos aliada \u00e0 atividade industrial e ao apoio \u00e0s empresas, colocando em \u00f3timas condi\u00e7\u00f5es a doc\u00eancia da Escola Tecnol\u00f3gica. O principal reconhecimento do trabalho desenvolvido pela Associa\u00e7\u00e3o verifica-se nos \u00edndices de empregabilidade dos formandos, que ronda os 90%. Outro fator de sucesso \u00e9 evidenciado pela constante procura, por parte dos empres\u00e1rios da regi\u00e3o, de formandos diplomados oriundos da Novotecna, promovendo a sua mobilidade.<\/p>\t\t\t\t\t\t<\/div>\n\t\t\t\t<\/div>\n\t\t\t\t\t<\/div>\n\t\t<\/div>\n\t\t\t\t\t\t\t<\/div>\n\t\t<\/section>\n\t\t\t\t\t<\/div>\n\t\t<\/div>\n\t\t\t\t\t\t\t<\/div>\n\t\t<\/section>\n\t\t\t\t<section class=\"elementor-section elementor-top-section elementor-element elementor-element-378eb0a elementor-section-boxed elementor-section-height-default elementor-section-height-default\" data-id=\"378eb0a\" data-element_type=\"section\">\n\t\t\t\t\t\t<div class=\"elementor-container elementor-column-gap-default\">\n\t\t\t\t\t<div class=\"elementor-column elementor-col-100 elementor-top-column elementor-element elementor-element-41f19da\" data-id=\"41f19da\" data-element_type=\"column\">\n\t\t\t<div class=\"elementor-widget-wrap elementor-element-populated\">\n\t\t\t\t\t\t\t\t<div class=\"elementor-element elementor-element-82e3fce elementor-widget elementor-widget-tp-heading\" data-id=\"82e3fce\" data-element_type=\"widget\" data-widget_type=\"tp-heading.default\">\n\t\t\t\t<div class=\"elementor-widget-container\">\n\t\t\t\r\n\t\t\t\r\n\r\n                    <div class=\"section__title-wrapper tp-el-content\">\r\n                    \r\n                <span class=\"section__title-pre tp-el-subtitle\">\r\n                    NOVOTECNA                <\/span>\r\n                                <h2 class=\"section__title section__title-44 tp-el-title\">Certifica\u00e7\u00f5es<\/h2>\r\n                                    <p>Acreditada como entidade formadora desde 1998.<\/p>\r\n                            <\/div>\r\n        \r\n        \r\n        \t\t<\/div>\n\t\t\t\t<\/div>\n\t\t\t\t<div class=\"elementor-element elementor-element-0113ca9 elementor-widget elementor-widget-text-editor\" data-id=\"0113ca9\" data-element_type=\"widget\" data-widget_type=\"text-editor.default\">\n\t\t\t\t<div class=\"elementor-widget-container\">\n\t\t\t\t\t\t\t<div class=\"elementor-element elementor-element-dcbb292 elementor-widget elementor-widget-image\" data-id=\"dcbb292\" data-element_type=\"widget\" data-widget_type=\"image.default\"><div class=\"elementor-widget-container\"><figure class=\"wp-caption\"><figcaption class=\"widget-image-caption wp-caption-text\">Despacho n.\u00ba 10998\/2015 de 02 de Outubro de 2015 (CET em Tecnologia Mecatr\u00f3nica)<br \/><br \/>Despacho n.\u00ba 9784\/2015 de 27 de Agosto de 2015 (CET em Gest\u00e3o da Qualidade, Ambiente e Seguran\u00e7a)<br \/><br \/>Despacho n.\u00ba 4260\/2013 de 22 de Mar\u00e7o de 2013 (CET em Desenvolvimento de Produtos Multim\u00e9dia)<br \/><br \/>Despacho n.\u00ba 4258\/2013 de 22 de Mar\u00e7o de 2013 (CET em Telecomunica\u00e7\u00f5es e Redes)<br \/><br \/>Despacho n.\u00ba 4259\/2013 de 22 de Mar\u00e7o de 2013 (CET em Automa\u00e7\u00e3o, Rob\u00f3tica e Controlo Industrial)<\/figcaption><\/figure><\/div><\/div><div class=\"elementor-element elementor-element-73ddd21 elementor-widget elementor-widget-spacer\" data-id=\"73ddd21\" data-element_type=\"widget\" data-widget_type=\"spacer.default\"><div class=\"elementor-widget-container\"><div class=\"elementor-spacer\">\u00a0<\/div><\/div><\/div>\t\t\t\t\t\t<\/div>\n\t\t\t\t<\/div>\n\t\t\t\t\t<\/div>\n\t\t<\/div>\n\t\t\t\t\t\t\t<\/div>\n\t\t<\/section>\n\t\t\t\t\t\t\t<\/div>\n\t\t","protected":false},"excerpt":{"rendered":"<p>NOVOTECNA Quem somos As necessidades de quadros t\u00e9cnicos interm\u00e9dios para a ind\u00fastria, constatadas pelas Associa\u00e7\u00f5es e N\u00facleos Empresariais da Regi\u00e3o Centro, levaram \u00e0 cria\u00e7\u00e3o de uma Escola Tecnol\u00f3gica. A Escola Tecnol\u00f3gica \u00e9 uma iniciativa da Novotecna, entidade gestora da mesma e que det\u00e9m a personalidade jur\u00eddica. Localiza-se em Coimbra, tendo iniciado as atividades letivas em [&hellip;]<\/p>\n","protected":false},"author":1,"featured_media":0,"parent":0,"menu_order":0,"comment_status":"closed","ping_status":"closed","template":"elementor_header_footer","meta":{"footnotes":""},"class_list":["post-1018","page","type-page","status-publish","hentry"],"acf":[],"_links":{"self":[{"href":"https:\/\/www.novotecna.pt\/novo\/wp-json\/wp\/v2\/pages\/1018","targetHints":{"allow":["GET"]}}],"collection":[{"href":"https:\/\/www.novotecna.pt\/novo\/wp-json\/wp\/v2\/pages"}],"about":[{"href":"https:\/\/www.novotecna.pt\/novo\/wp-json\/wp\/v2\/types\/page"}],"author":[{"embeddable":true,"href":"https:\/\/www.novotecna.pt\/novo\/wp-json\/wp\/v2\/users\/1"}],"replies":[{"embeddable":true,"href":"https:\/\/www.novotecna.pt\/novo\/wp-json\/wp\/v2\/comments?post=1018"}],"version-history":[{"count":6,"href":"https:\/\/www.novotecna.pt\/novo\/wp-json\/wp\/v2\/pages\/1018\/revisions"}],"predecessor-version":[{"id":1044,"href":"https:\/\/www.novotecna.pt\/novo\/wp-json\/wp\/v2\/pages\/1018\/revisions\/1044"}],"wp:attachment":[{"href":"https:\/\/www.novotecna.pt\/novo\/wp-json\/wp\/v2\/media?parent=1018"}],"curies":[{"name":"wp","href":"https:\/\/api.w.org\/{rel}","templated":true}]}}