{"id":1035,"date":"2022-08-01T10:49:15","date_gmt":"2022-08-01T10:49:15","guid":{"rendered":"https:\/\/cetec.pt\/novo\/?page_id=1035"},"modified":"2022-08-01T10:59:31","modified_gmt":"2022-08-01T10:59:31","slug":"parcerias","status":"publish","type":"page","link":"https:\/\/www.novotecna.pt\/novo\/parcerias\/","title":{"rendered":"parcerias"},"content":{"rendered":"\t\t<div data-elementor-type=\"wp-page\" data-elementor-id=\"1035\" class=\"elementor elementor-1035\" data-elementor-post-type=\"page\">\n\t\t\t\t\t\t\t\t\t<section class=\"elementor-section elementor-top-section elementor-element elementor-element-13c482c elementor-section-boxed elementor-section-height-default elementor-section-height-default\" data-id=\"13c482c\" data-element_type=\"section\">\n\t\t\t\t\t\t<div class=\"elementor-container elementor-column-gap-default\">\n\t\t\t\t\t<div class=\"elementor-column elementor-col-100 elementor-top-column elementor-element elementor-element-407da10\" data-id=\"407da10\" data-element_type=\"column\">\n\t\t\t<div class=\"elementor-widget-wrap elementor-element-populated\">\n\t\t\t\t\t\t\t\t<div class=\"elementor-element elementor-element-e6c04f4 elementor-widget elementor-widget-spacer\" data-id=\"e6c04f4\" data-element_type=\"widget\" data-widget_type=\"spacer.default\">\n\t\t\t\t<div class=\"elementor-widget-container\">\n\t\t\t<style>\/*! elementor - v3.14.0 - 18-06-2023 *\/\n.elementor-column .elementor-spacer-inner{height:var(--spacer-size)}.e-con{--container-widget-width:100%}.e-con-inner>.elementor-widget-spacer,.e-con>.elementor-widget-spacer{width:var(--container-widget-width,var(--spacer-size));--align-self:var(--container-widget-align-self,initial);--flex-shrink:0}.e-con-inner>.elementor-widget-spacer>.elementor-widget-container,.e-con-inner>.elementor-widget-spacer>.elementor-widget-container>.elementor-spacer,.e-con>.elementor-widget-spacer>.elementor-widget-container,.e-con>.elementor-widget-spacer>.elementor-widget-container>.elementor-spacer{height:100%}.e-con-inner>.elementor-widget-spacer>.elementor-widget-container>.elementor-spacer>.elementor-spacer-inner,.e-con>.elementor-widget-spacer>.elementor-widget-container>.elementor-spacer>.elementor-spacer-inner{height:var(--container-widget-height,var(--spacer-size))}<\/style>\t\t<div class=\"elementor-spacer\">\n\t\t\t<div class=\"elementor-spacer-inner\"><\/div>\n\t\t<\/div>\n\t\t\t\t<\/div>\n\t\t\t\t<\/div>\n\t\t\t\t<div class=\"elementor-element elementor-element-4abc92c elementor-widget elementor-widget-tp-heading\" data-id=\"4abc92c\" data-element_type=\"widget\" data-widget_type=\"tp-heading.default\">\n\t\t\t\t<div class=\"elementor-widget-container\">\n\t\t\t\r\n\t\t\t\r\n\r\n                    <div class=\"section__title-wrapper tp-el-content\">\r\n                    \r\n                <span class=\"section__title-pre tp-el-subtitle\">\r\n                    NOVOTECNA                <\/span>\r\n                                <h2 class=\"section__title section__title-44 tp-el-title\">Parcerias<\/h2>\r\n                            <\/div>\r\n        \r\n        \r\n        \t\t<\/div>\n\t\t\t\t<\/div>\n\t\t\t\t<div class=\"elementor-element elementor-element-8a7303d elementor-widget elementor-widget-text-editor\" data-id=\"8a7303d\" data-element_type=\"widget\" data-widget_type=\"text-editor.default\">\n\t\t\t\t<div class=\"elementor-widget-container\">\n\t\t\t<style>\/*! elementor - v3.14.0 - 18-06-2023 *\/\n.elementor-widget-text-editor.elementor-drop-cap-view-stacked .elementor-drop-cap{background-color:#69727d;color:#fff}.elementor-widget-text-editor.elementor-drop-cap-view-framed .elementor-drop-cap{color:#69727d;border:3px solid;background-color:transparent}.elementor-widget-text-editor:not(.elementor-drop-cap-view-default) .elementor-drop-cap{margin-top:8px}.elementor-widget-text-editor:not(.elementor-drop-cap-view-default) .elementor-drop-cap-letter{width:1em;height:1em}.elementor-widget-text-editor .elementor-drop-cap{float:left;text-align:center;line-height:1;font-size:50px}.elementor-widget-text-editor .elementor-drop-cap-letter{display:inline-block}<\/style>\t\t\t\t<p><strong>No \u00e2mbito da atua\u00e7\u00e3o da Novotecna, existe a integra\u00e7\u00e3o de um conjunto de parcerias, relativamente aos seguintes projetos:<\/strong><\/p><ul><li>Mobilidade para Aprendizagem, uma das a\u00e7\u00f5es do Programa ERASMUS+ 2014-2020, cujo objetivo principal \u00e9 promover um espa\u00e7o europeu em mat\u00e9ria de educa\u00e7\u00e3o e forma\u00e7\u00e3o profissional. O Cons\u00f3rcio composto pelas escolas NOVOTECNA, ESTER, AFTEBI, FORESP e pela EUROYOUTH s\u00e3o os principais parceiros nesta a\u00e7\u00e3o.<\/li><li>Acolhimento de jovens oriundos de pa\u00edses da Uni\u00e3o Europeia, possibilitando o prosseguimento de forma\u00e7\u00e3o em programas ERASMUS. Os parceiros europeus s\u00e3o a Kaunas University of Technology, Riga Technical University e Banku Augstskola (Riga, Let\u00f3nia).<\/li><li>Defini\u00e7\u00e3o de atividades regionais conducentes \u00e0 melhoria das qualifica\u00e7\u00f5es de t\u00e9cnicos para as empresas, tendo como parceria, o Conselho Empresarial do Centro (CEC).<\/li><li>Dinamiza\u00e7\u00e3o do projeto de Forma\u00e7\u00e3o Tecnol\u00f3gica e Industrial em Mo\u00e7ambique, a Novotecna participa em grupos de trabalho, com o Minist\u00e9rio do Trabalho de Mo\u00e7ambique e o IPEME. A Novotecna continua atenta \u00e0 possibilidade de integrar parcerias para atuar noutros pa\u00edses de l\u00edngua oficial portuguesa.<\/li><li>Dinamiza\u00e7\u00e3o conjunta de um projeto de cria\u00e7\u00e3o de um Centro de Forma\u00e7\u00e3o Tecnol\u00f3gica e Industrial e de coopera\u00e7\u00e3o na constitui\u00e7\u00e3o de referenciais acad\u00e9micos no campo de investiga\u00e7\u00e3o cient\u00edfica, tecnol\u00f3gica e industrial. O parceiro oficial \u00e9 o ISCTEM \u2013 Instituto Superior de Ci\u00eancias e Tecnologias de Mo\u00e7ambique.<br \/>Atrav\u00e9s dos projetos FabLab Academy Program e no desenvolvimento de outras a\u00e7\u00f5es e eventos, a Novotecna coopera com o IAAC \u2013 Institute for Advance Architecture of California (Barcelona).<\/li><li>Protocolo com o IPG \u2013 Instituto Polit\u00e9cnico da Guarda, no prosseguimento de estudos dos diplomados em CET da Novotecna em Licenciaturas ministradas pelo IPG.<\/li><li>Participa\u00e7\u00e3o da Novotecna na organiza\u00e7\u00e3o do \u201cLeadership Tournament\u201d, atrav\u00e9s da parceria com a AIESEC \u2013 Associa\u00e7\u00e3o Internacional de Estudantes em Ci\u00eancias Econ\u00f3micas e Empresariais.<\/li><\/ul>\t\t\t\t\t\t<\/div>\n\t\t\t\t<\/div>\n\t\t\t\t\t<\/div>\n\t\t<\/div>\n\t\t\t\t\t\t\t<\/div>\n\t\t<\/section>\n\t\t\t\t\t\t\t<\/div>\n\t\t","protected":false},"excerpt":{"rendered":"<p>NOVOTECNA Parcerias No \u00e2mbito da atua\u00e7\u00e3o da Novotecna, existe a integra\u00e7\u00e3o de um conjunto de parcerias, relativamente aos seguintes projetos: Mobilidade para Aprendizagem, uma das a\u00e7\u00f5es do Programa ERASMUS+ 2014-2020, cujo objetivo principal \u00e9 promover um espa\u00e7o europeu em mat\u00e9ria de educa\u00e7\u00e3o e forma\u00e7\u00e3o profissional. O Cons\u00f3rcio composto pelas escolas NOVOTECNA, ESTER, AFTEBI, FORESP e [&hellip;]<\/p>\n","protected":false},"author":1,"featured_media":0,"parent":0,"menu_order":0,"comment_status":"closed","ping_status":"closed","template":"elementor_header_footer","meta":{"footnotes":""},"class_list":["post-1035","page","type-page","status-publish","hentry"],"acf":[],"_links":{"self":[{"href":"https:\/\/www.novotecna.pt\/novo\/wp-json\/wp\/v2\/pages\/1035","targetHints":{"allow":["GET"]}}],"collection":[{"href":"https:\/\/www.novotecna.pt\/novo\/wp-json\/wp\/v2\/pages"}],"about":[{"href":"https:\/\/www.novotecna.pt\/novo\/wp-json\/wp\/v2\/types\/page"}],"author":[{"embeddable":true,"href":"https:\/\/www.novotecna.pt\/novo\/wp-json\/wp\/v2\/users\/1"}],"replies":[{"embeddable":true,"href":"https:\/\/www.novotecna.pt\/novo\/wp-json\/wp\/v2\/comments?post=1035"}],"version-history":[{"count":3,"href":"https:\/\/www.novotecna.pt\/novo\/wp-json\/wp\/v2\/pages\/1035\/revisions"}],"predecessor-version":[{"id":1038,"href":"https:\/\/www.novotecna.pt\/novo\/wp-json\/wp\/v2\/pages\/1035\/revisions\/1038"}],"wp:attachment":[{"href":"https:\/\/www.novotecna.pt\/novo\/wp-json\/wp\/v2\/media?parent=1035"}],"curies":[{"name":"wp","href":"https:\/\/api.w.org\/{rel}","templated":true}]}}