{"id":1573,"date":"2023-03-28T17:39:03","date_gmt":"2023-03-28T16:39:03","guid":{"rendered":"https:\/\/www.novotecna.pt\/novo\/?page_id=1573"},"modified":"2023-06-19T16:09:43","modified_gmt":"2023-06-19T15:09:43","slug":"empreende-xxi","status":"publish","type":"page","link":"https:\/\/www.novotecna.pt\/novo\/empreende-xxi\/","title":{"rendered":"Empreende XXI"},"content":{"rendered":"<header class=\"entry-header\">\n<h1 class=\"entry-title\">Apoio ao Empreendedorismo e ao Empreendedor<\/h1>\n<p><img loading=\"lazy\" decoding=\"async\" class=\"alignnone wp-image-1584\" src=\"https:\/\/www.novotecna.pt\/novo\/wp-content\/uploads\/2023\/03\/empreendeXXI-300x56.png\" alt=\"\" width=\"445\" height=\"83\" srcset=\"https:\/\/www.novotecna.pt\/novo\/wp-content\/uploads\/2023\/03\/empreendeXXI-300x56.png 300w, https:\/\/www.novotecna.pt\/novo\/wp-content\/uploads\/2023\/03\/empreendeXXI-768x143.png 768w, https:\/\/www.novotecna.pt\/novo\/wp-content\/uploads\/2023\/03\/empreendeXXI.png 829w\" sizes=\"auto, (max-width: 445px) 100vw, 445px\" \/><\/p>\n<h4>Empreende XXI<\/h4>\n<h3>CANDIDATURAS ENCERRADAS<\/h3>\n<p><!---\n\n\n<h3><button style=\"color: #ffffff; background-color: #c82d87; font-size: 19px; border: 1px solid #2d63c8; border-radius: 14px; padding: 15px 50px; cursor: pointer;\"><a href=\"https:\/\/www.novotecna.pt\/novo\/candidatura-de-projeto\/\">Candidatar-se agora!<\/a><\/button><\/h3>\n\n ---><br \/>\n<\/header>\n<div class=\"entry-content\">\n<p>Medida de apoio \u00e0 cria\u00e7\u00e3o e desenvolvimento de novos projetos empresariais por pessoas inscritas no IEFP, atrav\u00e9s das seguintes modalidades de apoio:<br \/>\n\u27a2 Apoio financeiro ao investimento eleg\u00edvel para a cria\u00e7\u00e3o de empresas<br \/>\n\u27a2 Apoio financeiro \u00e0 cria\u00e7\u00e3o do pr\u00f3prio emprego<br \/>\n\u27a2 Forma\u00e7\u00e3o profissional adequada \u00e0 cria\u00e7\u00e3o de empresas e do pr\u00f3prio emprego, sempre que necess\u00e1rio<br \/>\n\u27a2 Mentoria e consultoria especializada na \u00e1rea do empreendedorismo para refor\u00e7o de compet\u00eancias e para a estrutura\u00e7\u00e3o e consolida\u00e7\u00e3o do projeto.<br \/>\n\u27a2 Possibilidade de instala\u00e7\u00e3o em incubadoras, sempre que necess\u00e1rio, bem como de acesso a outras atividades complementares, nomeadamente materiais did\u00e1ticos, bootcamps e semin\u00e1rios.<\/p>\n<h3>Objetivos<\/h3>\n<ul>\n<li>Apoiar a cria\u00e7\u00e3o de empresas<\/li>\n<li>Promover a implementa\u00e7\u00e3o de projetos em \u00e1reas inovadoras<\/li>\n<li>Fomentar o desenvolvimento de atividades empreendedoras em ambientes colaborativos<\/li>\n<\/ul>\n<h3>Apoio t\u00e9cnico \u00e0 consolida\u00e7\u00e3o do projeto<\/h3>\n<ul>\n<li>A NOVOTECNA \u00e9 uma incubadora de empresas certificada na Rede Nacional de Incubadoras (RNI), Turismo de Portugal e Rede de Incubadoras da Regi\u00e3o Centro (RIERC), oferecendo servi\u00e7os de acompanhamento de projeto, consultoria em aspetos relacionados com a gest\u00e3o e operacionaliza\u00e7\u00e3o da atividade bem como de espa\u00e7os para a empresa desenvolver-se.<\/li>\n<\/ul>\n<h3>Destinat\u00e1rios<\/h3>\n<p>S\u00e3o destinat\u00e1rios da medida as pessoas que apresentem uma ideia de neg\u00f3cio econ\u00f3mico-financeiramente vi\u00e1vel, inscritas no IEFP(*), nas seguintes situa\u00e7\u00f5es:<br \/>\n\u2022 Quem est\u00e1 empregado (sem inscri\u00e7\u00e3o) e pretende inscrever-se para apresentar candidatura, deve faz\u00ea-lo como utente;<br \/>\n\u2022 Quem j\u00e1 iniciou a atividade (nos 180 dias anteriores) e vai apresentar candidatura, deve estar inscrito como utente;<br \/>\n\u2022 Quem est\u00e1 desempregado e vai apresentar candidatura, deve estar inscrito para emprego.<\/p>\n<p><em>Notas:<\/em><br \/>\n<em>(i) (*)Os destinat\u00e1rios podem registar-se no portal iefponline (https:\/\/iefponline.iefp.pt\/IEFP\/)<\/em><br \/>\n<em>(ii) A aferi\u00e7\u00e3o da inscri\u00e7\u00e3o no IEFP, efetua-se \u00e0 data da apresenta\u00e7\u00e3o da candidatura.<\/em><br \/>\n<em>(iii) Para efeitos de aprova\u00e7\u00e3o da candidatura, os destinat\u00e1rios, bem como os restantes promotores do projeto, nos casos aplic\u00e1veis, devem reunir os requisitos previstos nas al\u00edneas c) a e) do n.\u00ba 2 do artigo 7.\u00ba da Portaria n.\u00ba 26\/2022, de 10 de janeiro, na sua reda\u00e7\u00e3o atual (ver \u201cCondi\u00e7\u00f5es de atribui\u00e7\u00e3o dos apoios\u201d)<\/em><\/p>\n<h3>Apoios<\/h3>\n<p><strong>Apoio financeiro ao investimento para a cria\u00e7\u00e3o de empresas<\/strong><br \/>\n\u2022 Apoio financeiro, at\u00e9 85 % do total do investimento eleg\u00edvel, nas seguintes modalidades:<br \/>\na) Subs\u00eddio n\u00e3o reembols\u00e1vel, at\u00e9 ao limite de 40 % do investimento eleg\u00edvel;<br \/>\nb) Empr\u00e9stimo sem juros, at\u00e9 ao limite de 45 % do investimento eleg\u00edvel.<\/p>\n<p><strong>Majora\u00e7\u00f5es do apoio<\/strong><br \/>\nO subs\u00eddio n\u00e3o reembols\u00e1vel, at\u00e9 ao limite de 40 % do investimento eleg\u00edvel, \u00e9 majorado nas seguintes situa\u00e7\u00f5es:<br \/>\n\u2022 15 %, no caso de projetos promovidos por destinat\u00e1rios do sexo sub-representado em determinado setor de atividade econ\u00f3mica, e desde que estes detenham a maioria do capital social e dos direitos de voto destinat\u00e1rios (Portaria n.\u00ba 84\/2015, de 20 de mar\u00e7o);<br \/>\n\u2022 15 %, quando se trate de projetos inovadores, que abranjam a cria\u00e7\u00e3o de uma nova ideia, produto ou servi\u00e7o, nas \u00e1reas da tecnologia, transi\u00e7\u00e3o clim\u00e1tica, modelo de neg\u00f3cio, entre outras;<br \/>\n\u2022 2,5 %, por posto de trabalho criado para contratos de trabalho sem termo destinado a pessoa com qualifica\u00e7\u00e3o de n\u00edvel 5 a 7, ou em 5 %, com qualifica\u00e7\u00e3o de n\u00edvel 8, de acordo com o Quadro Nacional de Qualifica\u00e7\u00f5es, at\u00e9 ao limite de 15 % do valor do subs\u00eddio n\u00e3o reembols\u00e1vel;<br \/>\n\u2022 25 %, quando se trate de projetos localizados em territ\u00f3rio do Interior (Portaria n.\u00ba 208\/2017, de 13 de julho);<br \/>\n\u2022 2,5 % por posto de trabalho criado para contratos de trabalho sem termo e preenchido por desempregados inscritos no IEFP, at\u00e9 ao limite de 30 % do valor do subs\u00eddio n\u00e3o reembols\u00e1vel.<\/p>\n<p><em>Notas:<\/em><br \/>\n<em>(i) Os setores de atividade econ\u00f3mica em que se considera existir sub-representa\u00e7\u00e3o de g\u00e9nero s\u00e3o aqueles em que n\u00e3o se verifica uma representatividade de, pelo menos, 33,3% em rela\u00e7\u00e3o a um dos sexos e que constam em lista disponibilizada no portal do IEFP (www.iefp.pt) e em startupportugal.com, atualizada, anualmente, com base no Relat\u00f3rio \u00danico sobre a atividade social da empresa.<\/em><br \/>\n<em>(ii) Os projetos devem assegurar, pelo menos, 15 % do montante do investimento eleg\u00edvel em capitais pr\u00f3prios.<\/em><br \/>\n<em>(iii) Se for necess\u00e1rio proceder \u00e0 redu\u00e7\u00e3o do montante dos apoios financeiros para cumprimento dos limites de financiamento previstos, primeiramente diminui-se o valor do empr\u00e9stimo sem juros e, em seguida, o valor do subs\u00eddio n\u00e3o reembols\u00e1vel.<\/em><br \/>\n<em>(iv) O apoio financeiro atribu\u00eddo sob a forma de empr\u00e9stimo sem juros \u00e9 reembols\u00e1vel no prazo de cinco anos e o seu in\u00edcio pode ser diferido at\u00e9 dois anos a contar da data da concess\u00e3o.<\/em><br \/>\n<em>(v) O reembolso do apoio concedido \u00e9 efetuado atrav\u00e9s de presta\u00e7\u00f5es mensais, constantes e sucessivas, salvo amortiza\u00e7\u00e3o antecipada do empr\u00e9stimo.<\/em><\/p>\n<p><strong>Apoios \u00e0 cria\u00e7\u00e3o do pr\u00f3prio emprego<\/strong><br \/>\n\u2022 Apoio financeiro, sob a forma de subs\u00eddio n\u00e3o reembols\u00e1vel, at\u00e9 ao montante de 15 vezes o valor do IAS por destinat\u00e1rio promotor que crie o seu posto de trabalho a tempo inteiro, at\u00e9 ao limite de cinco postos de trabalho objeto de apoio.<br \/>\n*Valor do IAS (Indexante dos Apoios Sociais) em 2023: 480,43 \u20ac<br \/>\n<em>Nota: O apoio financeiro \u00e9 reduzido na devida propor\u00e7\u00e3o e tendo por base um per\u00edodo normal de trabalho de 40 horas semanais, quando se trate desenvolvimento de atividade a tempo parcial, desde que devidamente justificada e aprovada pelo IEFP.<\/em><\/p>\n<p><strong>Mentoria e consultoria especializada<\/strong><br \/>\nA mentoria e consultoria especializada a prestar ao projeto pode assumir as seguintes modalidades:<br \/>\n\u2022 Apoio pr\u00e9vio \u00e0 aprova\u00e7\u00e3o da candidatura, para a cria\u00e7\u00e3o e estrutura\u00e7\u00e3o do projeto, nomeadamente no que concerne \u00e0 conce\u00e7\u00e3o e elabora\u00e7\u00e3o de planos de investimento e de modelos de neg\u00f3cio;<br \/>\n\u2022 Apoio de mentoria e consultoria especializada nos tr\u00eas primeiros anos de atividade da empresa, para consolida\u00e7\u00e3o do projeto financiado, abrangendo, nomeadamente, as seguintes atividades:<br \/>\n\u27a2 Acompanhamento do projeto aprovado;<br \/>\n\u27a2 Consultoria em aspetos de maior fragilidade na gest\u00e3o ou na operacionalidade da iniciativa, diagnosticada durante o acompanhamento;<br \/>\n\u27a2 Alargamento de compet\u00eancias na \u00e1rea do empreendedorismo e da capacita\u00e7\u00e3o na estrutura\u00e7\u00e3o do projeto.<br \/>\n\u2022 Podem ainda ser disponibilizados mentores para acompanhamento do projeto em contexto de trabalho colaborativo ou de incuba\u00e7\u00e3o de projetos.<br \/>\n\u2022 Podem, tamb\u00e9m, ser realizadas outras atividades complementares, nomeadamente bootcamps, bem como instala\u00e7\u00e3o das novas empresas criadas em incubadoras.<\/p>\n<p><strong>Medidas de apoio:<\/strong><\/p>\n<ul>\n<li>Empreende XXI<\/li>\n<\/ul>\n<h3>Como funciona o apoio t\u00e9cnico?<\/h3>\n<p>O apoio t\u00e9cnico &#8211; da ideia ao projeto &#8211; <strong>\u00e9 totalmente gratuito<\/strong>. Pelo que o promotor <strong>n\u00e3o ter\u00e1 qualquer custo<\/strong> em todas as etapas do processo. Tamb\u00e9m n\u00e3o tem nenhum tipo de compromisso posterior com a NOVOTECNA quando o projeto for aprovado.<\/p>\n<h3>Como obter mais informa\u00e7\u00f5es?<\/h3>\n<p>Envie um e-mail para: <strong>empreendexxi@novotecna.pt<\/strong> ou ligue para <strong>239 497 730<\/strong> (Segunda a sexta das 10:00-13:00 e das 15:00-18:00, custo de uma chamada da rede fixa).<\/p>\n<h3>CANDIDATURAS ENCERRADAS<\/h3>\n<p><!---\n\n\n<h3><button style=\"color: #ffffff; background-color: #c82d87; font-size: 19px; border: 1px solid #2d63c8; border-radius: 14px; padding: 15px 50px; cursor: pointer;\"><a href=\"https:\/\/www.novotecna.pt\/novo\/candidatura-de-projeto\/\">Candidatar-se agora!<\/a><\/button><\/h3>\n\n ---><br \/>\n&nbsp;<\/p>\n<h3>Saber mais &#8211; Fichas de informa\u00e7\u00e3o normalizada<\/h3>\n<h6>Nota: A consulta deste site n\u00e3o dispensa a consulta do site do IEFP (www.iefp.pt) e da Startup Portugal (www.startupportugal.pt) bem como da portaria e regulamento de forma a conhecer os termos e condi\u00e7\u00f5es dos respectivos programas e medias, bem como dos seguintes documentos.<\/h6>\n<ul>\n<li><a class=\"external-link\" title=\"Aceder ao Guia de apoio \u00e0 apresenta\u00e7\u00e3o de candidaturas\" href=\"https:\/\/www.iefp.pt\/documents\/10181\/11555742\/Guia+de+apoio+Candidaturas+Credenciacao+Empreende+XXI+VF.pdf\/a8d479ef-9fa0-42a3-86ec-28e282a4115c\" target=\"_blank\" rel=\"noopener\">Empreende XXI &#8211; Guia de apoio \u00e0 apresenta\u00e7\u00e3o de candidaturas<\/a><\/li>\n<li><a href=\"https:\/\/files.dre.pt\/1s\/2022\/01\/00600\/0003700046.pdf\">Portaria n.\u00ba 26\/2022<\/a>, de 10 de janeiro alterada e republicada pela <a href=\"https:\/\/files.dre.pt\/1s\/2023\/02\/03000\/0023900253.pdf\">Portaria n.\u00ba 44\/2023<\/a>, de 10 de fevereiro<\/li>\n<li><a href=\"https:\/\/www.iefp.pt\/documents\/10181\/11555740\/Regulamento+Empreende+XXI_nv.pdf\/778fdb0f-d6aa-46d9-8c6e-f15a9612a773\">Regulamento<\/a> (aprovado em 14 de mar\u00e7o de 2023)<\/li>\n<\/ul>\n<\/div>\n","protected":false},"excerpt":{"rendered":"<p>Apoio ao Empreendedorismo e ao Empreendedor Empreende XXI CANDIDATURAS ENCERRADAS Medida de apoio \u00e0 cria\u00e7\u00e3o e desenvolvimento de novos projetos empresariais por pessoas inscritas no IEFP, atrav\u00e9s das seguintes modalidades de apoio: \u27a2 Apoio financeiro ao investimento eleg\u00edvel para a cria\u00e7\u00e3o de empresas \u27a2 Apoio financeiro \u00e0 cria\u00e7\u00e3o do pr\u00f3prio emprego \u27a2 Forma\u00e7\u00e3o profissional adequada [&hellip;]<\/p>\n","protected":false},"author":1,"featured_media":0,"parent":0,"menu_order":0,"comment_status":"closed","ping_status":"closed","template":"","meta":{"footnotes":""},"class_list":["post-1573","page","type-page","status-publish","hentry"],"acf":[],"_links":{"self":[{"href":"https:\/\/www.novotecna.pt\/novo\/wp-json\/wp\/v2\/pages\/1573","targetHints":{"allow":["GET"]}}],"collection":[{"href":"https:\/\/www.novotecna.pt\/novo\/wp-json\/wp\/v2\/pages"}],"about":[{"href":"https:\/\/www.novotecna.pt\/novo\/wp-json\/wp\/v2\/types\/page"}],"author":[{"embeddable":true,"href":"https:\/\/www.novotecna.pt\/novo\/wp-json\/wp\/v2\/users\/1"}],"replies":[{"embeddable":true,"href":"https:\/\/www.novotecna.pt\/novo\/wp-json\/wp\/v2\/comments?post=1573"}],"version-history":[{"count":9,"href":"https:\/\/www.novotecna.pt\/novo\/wp-json\/wp\/v2\/pages\/1573\/revisions"}],"predecessor-version":[{"id":1614,"href":"https:\/\/www.novotecna.pt\/novo\/wp-json\/wp\/v2\/pages\/1573\/revisions\/1614"}],"wp:attachment":[{"href":"https:\/\/www.novotecna.pt\/novo\/wp-json\/wp\/v2\/media?parent=1573"}],"curies":[{"name":"wp","href":"https:\/\/api.w.org\/{rel}","templated":true}]}}